{"id":1207,"date":"2018-12-10T10:32:45","date_gmt":"2018-12-10T10:32:45","guid":{"rendered":"http:\/\/diaeuropa.es\/inicio\/?page_id=1207"},"modified":"2019-06-29T15:15:55","modified_gmt":"2019-06-29T15:15:55","slug":"1207-2","status":"publish","type":"page","link":"http:\/\/diaeuropa.es\/inicio\/de\/","title":{"rendered":"Startseite"},"content":{"rendered":"<div id=\"pl-1207\"  class=\"panel-layout\" ><div id=\"pg-1207-0\"  class=\"panel-grid panel-has-style\" ><div class=\"mob-pad-45 panel-row-style panel-row-style-for-1207-0\" style=\"padding: 10px 0; \" data-overlay=\"true\" data-overlay-color=\"#000000\" ><div id=\"pgc-1207-0-0\"  class=\"panel-grid-cell\" ><div id=\"panel-1207-0-0-0\" class=\"so-panel widget widget_sow-editor panel-first-child widgetopts-SO\" data-index=\"0\" ><div style=\"text-align: left;\" data-title-color=\"#443f3f\" data-headings-color=\"#1d1282\" class=\"panel-widget-style panel-widget-style-for-1207-0-0-0\" ><div class=\"so-widget-sow-editor so-widget-sow-editor-base\">\n<div class=\"siteorigin-widget-tinymce textwidget\">\n\t<p style=\"text-align: justify;\"><span style=\"color: #1d1282;\"><img loading=\"lazy\" class=\"wp-image-148 aligncenter\" src=\"http:\/\/diaeuropa.es\/wp-content\/uploads\/2018\/04\/logo-1-e1524604157637.jpeg\" alt=\"\" width=\"265\" height=\"197\" srcset=\"http:\/\/diaeuropa.es\/wp-content\/uploads\/2018\/04\/logo-1-e1524604157637.jpeg 861w, http:\/\/diaeuropa.es\/wp-content\/uploads\/2018\/04\/logo-1-e1524604157637-300x223.jpeg 300w, http:\/\/diaeuropa.es\/wp-content\/uploads\/2018\/04\/logo-1-e1524604157637-768x571.jpeg 768w, http:\/\/diaeuropa.es\/wp-content\/uploads\/2018\/04\/logo-1-e1524604157637-830x617.jpeg 830w, http:\/\/diaeuropa.es\/wp-content\/uploads\/2018\/04\/logo-1-e1524604157637-230x171.jpeg 230w, http:\/\/diaeuropa.es\/wp-content\/uploads\/2018\/04\/logo-1-e1524604157637-350x260.jpeg 350w, http:\/\/diaeuropa.es\/wp-content\/uploads\/2018\/04\/logo-1-e1524604157637-480x357.jpeg 480w\" sizes=\"(max-width: 265px) 100vw, 265px\" \/><\/span><\/p>\n<p style=\"text-align: justify;\">Am 9. Mai 1950 begann dank der Schuman-Erkl\u00e4rung die Vereinigung der europ\u00e4ischen L\u00e4nder. Mit dieser Rede wurde der Grundstein f\u00fcr das Ger\u00fcst der heutigen EU gelegt. Das ist der Grund, weshalb wir seit 1985 \u00a0\u201e<strong>am Europatag (9. Mai) jedes Jahr gedenken, dass wir in Europa in Frieden und Einheit leben\u201c<\/strong>, so die EU-Website.<\/p>\n<p style=\"text-align: justify;\">Der Europatag gilt als Feiertag f\u00fcr Angeh\u00f6rige und Angestellte der europ\u00e4ischen Institutionen, paradoxerweise jedoch nicht f\u00fcr den Rest der europ\u00e4ischen B\u00fcrgerinnen und B\u00fcrger, welche die Europ\u00e4ische Union erst wirklich m\u00f6glich machen. B\u00fcrger, die sich an der EU als Gleichberechtigte beteiligen, ihre politischen Vertreter w\u00e4hlen und somit direkte Empf\u00e4nger der Folgen ihrer Entscheidungen werden. <strong>Der Europatag sollte in diesem Sinne ein Tag werden, der allen am Herzen liegt und keine L\u00fccke zwischen Institutionen und B\u00fcrgern \u00f6ffnet.<\/strong> Er sollte ein Tag werden, an dem wir gemeinsam die Europ\u00e4ische Union feiern, deren unentbehrlicher Bestandteil wir europ\u00e4ische B\u00fcrger sind. Ein Tag, an dem in jedem Land Tausende Menschen der EU und ihrer Geschichte gedenken, und das Gl\u00fcck feiern, Europ\u00e4er zu sein und sich als Europ\u00e4er zu f\u00fchlen.<\/p>\n<p style=\"text-align: justify;\">In dem Bewusstsein der Kompetenz der EU-Mitgliedstaaten, ihre eigenen nationalen Feiertagskalender festzulegen, <strong>bitten wir die nationalen Parlamente sowie den Europ\u00e4ischen Rat<\/strong>, der sich aus den Staats- und Regierungschefs aller EU-L\u00e4nder zusammensetzt, <strong>europaweit die Einrichtung des 9. Mai als Feiertag zu f\u00f6rdern<\/strong>. Wir wissen, dass es sich um ein anspruchsvolles,\u00a0aber erreichbares Ziel handelt. Wir halten es deshalb f\u00fcr notwendig, dass die europ\u00e4ischen Institutionen, politischen Parteien, Sozialpartner und die Zivilgesellschaft gemeinsam den besten Weg erkunden, um dieses Ziel zu erreichen.<\/p>\n<p style=\"text-align: justify;\">Das Jahr 2020 markiert das 70. Jubil\u00e4um der Erkl\u00e4rung von Robert Schuman, noch ein Grund, die Notwendigkeit dieses Feiertages zu f\u00f6rdern. Lassen wir den 9. Mai zu einem Feiertag f\u00fcr alle EU-B\u00fcrger werden, zu einem Datum, an dem wir in B\u00fcrgern\u00e4he die gemeinsame Vergangenheit der EU sichtbar machen. Lassen wir den Europatag mit seinen Zukunftsprojekten jede Ecke des Kontinents durchdringen. Das Europ\u00e4er-Gef\u00fchl soll ein Grund zum Stolz sein. Es ist unerl\u00e4sslich, dass wir die B\u00fcrger dazu ermutigen, die europ\u00e4ische Flagge zu f\u00fchren, als ein Symbol der Einigkeit und des Fortschrittes, das uns bewegen soll, eine bessere gemeinsame Zukunft aufzubauen.<\/p>\n<h6 style=\"text-align: justify;\">Eine Hymne, eine Flagge und ein Feiertag! Symbole verbinden, das Schweigen trennt.<\/h6>\n<hr \/>\n<div class=\"change-embed-petition\" style=\"text-align: justify;\" data-petition-id=\"13109592\"><\/div>\n<p style=\"text-align: justify;\"><a href=\"http:\/\/diaeuropa.es\/wp-content\/uploads\/2019\/06\/Europatag-9M-2019.pdf\" target=\"_blank\" rel=\"noopener\">Text als PDF anzeigen oder herunterladen.<\/a><\/p>\n<\/div>\n<\/div><\/div><\/div><div id=\"panel-1207-0-0-1\" class=\"so-panel widget widget_sow-editor panel-last-child widgetopts-SO\" data-index=\"1\" ><div style=\"text-align: left;\" data-title-color=\"#443f3f\" data-headings-color=\"#443f3f\" class=\"panel-widget-style panel-widget-style-for-1207-0-0-1\" ><div class=\"so-widget-sow-editor so-widget-sow-editor-base\">\n<div class=\"siteorigin-widget-tinymce textwidget\">\n\t<p><strong>Interesse?<\/strong> Schreiben Sie uns an\u00a0<strong><a href=\"mailto:mail@euday.eu\">mail@euday.eu<\/a>,\u00a0<\/strong>wenn Sie sich der <b class=\"b2\">Initiative<\/b><b class=\"b1\"> Europatag<\/b> anzuschlie\u00dfen m\u00f6chten, etweder individuell oder als Organisation.<\/p>\n<\/div>\n<\/div><\/div><\/div><\/div><\/div><\/div><\/div>","protected":false},"excerpt":{"rendered":"<p>Am 9. Mai 1950 begann dank der Schuman-Erkl\u00e4rung die Vereinigung der europ\u00e4ischen L\u00e4nder. Mit dieser Rede wurde der Grundstein f\u00fcr das Ger\u00fcst der heutigen EU gelegt. Das ist der Grund, weshalb wir seit 1985 \u00a0\u201eam Europatag (9. Mai) jedes Jahr gedenken, dass wir in Europa in Frieden und Einheit leben\u201c, so die EU-Website. Der Europatag [&hellip;]<\/p>\n","protected":false},"author":1,"featured_media":0,"parent":0,"menu_order":0,"comment_status":"closed","ping_status":"closed","template":"","meta":[],"_links":{"self":[{"href":"http:\/\/diaeuropa.es\/inicio\/wp-json\/wp\/v2\/pages\/1207"}],"collection":[{"href":"http:\/\/diaeuropa.es\/inicio\/wp-json\/wp\/v2\/pages"}],"about":[{"href":"http:\/\/diaeuropa.es\/inicio\/wp-json\/wp\/v2\/types\/page"}],"author":[{"embeddable":true,"href":"http:\/\/diaeuropa.es\/inicio\/wp-json\/wp\/v2\/users\/1"}],"replies":[{"embeddable":true,"href":"http:\/\/diaeuropa.es\/inicio\/wp-json\/wp\/v2\/comments?post=1207"}],"version-history":[{"count":10,"href":"http:\/\/diaeuropa.es\/inicio\/wp-json\/wp\/v2\/pages\/1207\/revisions"}],"predecessor-version":[{"id":1689,"href":"http:\/\/diaeuropa.es\/inicio\/wp-json\/wp\/v2\/pages\/1207\/revisions\/1689"}],"wp:attachment":[{"href":"http:\/\/diaeuropa.es\/inicio\/wp-json\/wp\/v2\/media?parent=1207"}],"curies":[{"name":"wp","href":"https:\/\/api.w.org\/{rel}","templated":true}]}}