{"id":2,"date":"2018-03-02T09:01:05","date_gmt":"2018-03-02T09:01:05","guid":{"rendered":"http:\/\/diaeuropa.es\/?page_id=2"},"modified":"2023-04-27T20:09:04","modified_gmt":"2023-04-27T20:09:04","slug":"sample-page","status":"publish","type":"page","link":"http:\/\/diaeuropa.es\/inicio\/","title":{"rendered":"Inicio"},"content":{"rendered":"<div id=\"pl-2\"  class=\"panel-layout\" ><div id=\"pg-2-0\"  class=\"panel-grid panel-has-style\" ><div class=\"mob-pad-45 panel-row-style panel-row-style-for-2-0\" style=\"padding: 10px 0; \" data-overlay=\"true\" data-overlay-color=\"#000000\" ><div id=\"pgc-2-0-0\"  class=\"panel-grid-cell\" ><div id=\"panel-2-0-0-0\" class=\"so-panel widget widget_sow-editor panel-first-child widgetopts-SO\" data-index=\"0\" ><div style=\"text-align: left;\" data-title-color=\"#443f3f\" data-headings-color=\"#443f3f\" class=\"panel-widget-style panel-widget-style-for-2-0-0-0\" ><div class=\"so-widget-sow-editor so-widget-sow-editor-base\">\n<div class=\"siteorigin-widget-tinymce textwidget\">\n\t<p style=\"text-align: justify;\"><span style=\"color: #1d1282;\"><img loading=\"lazy\" class=\"wp-image-148 aligncenter\" src=\"http:\/\/diaeuropa.es\/wp-content\/uploads\/2018\/04\/logo-1-e1524604157637.jpeg\" alt=\"\" width=\"265\" height=\"197\" srcset=\"http:\/\/diaeuropa.es\/wp-content\/uploads\/2018\/04\/logo-1-e1524604157637.jpeg 861w, http:\/\/diaeuropa.es\/wp-content\/uploads\/2018\/04\/logo-1-e1524604157637-300x223.jpeg 300w, http:\/\/diaeuropa.es\/wp-content\/uploads\/2018\/04\/logo-1-e1524604157637-768x571.jpeg 768w, http:\/\/diaeuropa.es\/wp-content\/uploads\/2018\/04\/logo-1-e1524604157637-830x617.jpeg 830w, http:\/\/diaeuropa.es\/wp-content\/uploads\/2018\/04\/logo-1-e1524604157637-230x171.jpeg 230w, http:\/\/diaeuropa.es\/wp-content\/uploads\/2018\/04\/logo-1-e1524604157637-350x260.jpeg 350w, http:\/\/diaeuropa.es\/wp-content\/uploads\/2018\/04\/logo-1-e1524604157637-480x357.jpeg 480w\" sizes=\"(max-width: 265px) 100vw, 265px\" \/><\/span><\/p>\n<p style=\"text-align: justify;\"><span style=\"color: #1d1282;\">El 9 de mayo de 1950 en Par\u00eds, con la Declaraci\u00f3n Schuman, se iniciaba el camino a la integraci\u00f3n de los estados europeos: con este acto se pon\u00eda la primera piedra para lo que despu\u00e9s ser\u00edan los cimientos de la actual Uni\u00f3n Europea. As\u00ed, desde 1985, <strong>\u201cel D\u00eda de Europa celebra cada 9 de mayo la paz y la unidad del continente\u201d<\/strong>, reza la web de la UE.<\/span><\/p>\n<p style=\"text-align: justify;\"><span style=\"color: #1d1282;\">El D\u00eda de Europa es festivo para quienes integran y trabajan en las instituciones europeas, pero se da la dicotom\u00eda de no serlo para todos los ciudadanos, que son quienes realmente hacen que esa Uni\u00f3n Europea exista porque forman parte de ella como iguales, siendo part\u00edcipes a trav\u00e9s de la elecci\u00f3n de sus parlamentarios pol\u00edticos de las decisiones que all\u00ed se toman y, posteriormente, receptores directos de sus consecuencias. Como tal, <strong>deber\u00eda ser una jornada que nos llegara a todos los europeos, que no supusiera una brecha entre instituciones y ciudadanos<\/strong> sino que se viviera como una celebraci\u00f3n conjunta de nuestra Uni\u00f3n, de la que sus habitantes somos parte indispensable, haciendo que en cada pa\u00eds de la UE hubiera miles de personas conmemorando ese d\u00eda, su historia -que es la nuestra-, y celebrando la fortuna de ser y sentirse europeo.<\/span><\/p>\n<p style=\"text-align: justify;\"><span style=\"color: #1d1282;\">Conocedores de que cada Estado miembro tiene la competencia de establecer su calendario laboral, <strong>pedimos a los parlamentos nacionales y al Consejo Europeo<\/strong>, compuesto por los jefes de Estado o de Gobierno de todos los pa\u00edses de la UE, <strong>que impulsen la inclusi\u00f3n del 9 de mayo como festivo<\/strong>. Sabemos que es un objetivo ambicioso pero posible y, por ello, creemos necesaria una acci\u00f3n conjunta en la que participen las instituciones europeas, partidos pol\u00edticos, colectivos sociales y sociedad civil para explorar juntos la mejor v\u00eda efectiva a nuestro alcance y poder hacerlo realidad.<br \/>\n<\/span><\/p>\n<p style=\"text-align: justify;\"><span style=\"color: #1d1282;\">La celebraci\u00f3n del 70\u00ba aniversario de la declaraci\u00f3n Schuman en 2020 tambi\u00e9n nos anima a impulsar la necesidad de este festivo. \u00bfPor qu\u00e9? Sencillo. Convirtamos el 9 de mayo en una celebraci\u00f3n para todos los ciudadanos europeos, una cita en la que demos a conocer, desde la cercan\u00eda, la Uni\u00f3n Europea, un pasado juntos y unidos. Hagamos que el D\u00eda de Europa impregne cada rinc\u00f3n del continente con sus proyectos de futuro, que el sentimiento europe\u00edsta sea un orgullo, que cada ciudadano de a pie desee enarbolar la bandera de la UE como s\u00edmbolo de uni\u00f3n y progreso para construir un futuro en com\u00fan.\u00a0<\/span><\/p>\n<p style=\"text-align: justify;\"><span style=\"color: #1d1282; font-size: 14pt;\">\u00a1Un himno, una bandera y una conmemoraci\u00f3n! Los s\u00edmbolos unen, el silencio separa.<\/span><\/p>\n<hr \/>\n<div class=\"change-embed-petition\" data-petition-id=\"13109592\"><\/div>\n<p><a href=\"http:\/\/diaeuropa.es\/wp-content\/uploads\/2018\/11\/Iniciativa-Di\u0301a-de-Europa-9M.pdf\" target=\"_blank\" rel=\"noopener noreferrer\">Ver y\/o descargar texto en PDF<\/a><\/p>\n<\/div>\n<\/div><\/div><\/div><div id=\"panel-2-0-0-1\" class=\"so-panel widget widget_sow-editor panel-last-child widgetopts-SO\" data-index=\"1\" ><div style=\"text-align: left;\" data-title-color=\"#443f3f\" data-headings-color=\"#443f3f\" class=\"panel-widget-style panel-widget-style-for-2-0-0-1\" ><div class=\"so-widget-sow-editor so-widget-sow-editor-base\">\n<div class=\"siteorigin-widget-tinymce textwidget\">\n\t<p><strong>\u00bfTe interesa?<\/strong> Escr\u00edbenos un correo a <strong><a href=\"mailto:mail@euday.eu\">mail@euday.eu<\/a><\/strong> si quieres unirte a la iniciativa como empresa u organizaci\u00f3n promotora, o a t\u00edtulo individual.<\/p>\n<\/div>\n<\/div><\/div><\/div><\/div><\/div><\/div><\/div>","protected":false},"excerpt":{"rendered":"<p>El 9 de mayo de 1950 en Par\u00eds, con la Declaraci\u00f3n Schuman, se iniciaba el camino a la integraci\u00f3n de los estados europeos: con este acto se pon\u00eda la primera piedra para lo que despu\u00e9s ser\u00edan los cimientos de la actual Uni\u00f3n Europea. As\u00ed, desde 1985, \u201cel D\u00eda de Europa celebra cada 9 de mayo [&hellip;]<\/p>\n","protected":false},"author":1,"featured_media":0,"parent":0,"menu_order":0,"comment_status":"closed","ping_status":"open","template":"","meta":[],"_links":{"self":[{"href":"http:\/\/diaeuropa.es\/inicio\/wp-json\/wp\/v2\/pages\/2"}],"collection":[{"href":"http:\/\/diaeuropa.es\/inicio\/wp-json\/wp\/v2\/pages"}],"about":[{"href":"http:\/\/diaeuropa.es\/inicio\/wp-json\/wp\/v2\/types\/page"}],"author":[{"embeddable":true,"href":"http:\/\/diaeuropa.es\/inicio\/wp-json\/wp\/v2\/users\/1"}],"replies":[{"embeddable":true,"href":"http:\/\/diaeuropa.es\/inicio\/wp-json\/wp\/v2\/comments?post=2"}],"version-history":[{"count":10,"href":"http:\/\/diaeuropa.es\/inicio\/wp-json\/wp\/v2\/pages\/2\/revisions"}],"predecessor-version":[{"id":1708,"href":"http:\/\/diaeuropa.es\/inicio\/wp-json\/wp\/v2\/pages\/2\/revisions\/1708"}],"wp:attachment":[{"href":"http:\/\/diaeuropa.es\/inicio\/wp-json\/wp\/v2\/media?parent=2"}],"curies":[{"name":"wp","href":"https:\/\/api.w.org\/{rel}","templated":true}]}}