{"id":415,"date":"2018-05-08T21:19:24","date_gmt":"2018-05-08T21:19:24","guid":{"rendered":"http:\/\/diaeuropa.es\/inicio\/?page_id=415"},"modified":"2019-06-02T15:00:21","modified_gmt":"2019-06-02T15:00:21","slug":"415-2","status":"publish","type":"page","link":"http:\/\/diaeuropa.es\/inicio\/fr\/","title":{"rendered":"principale"},"content":{"rendered":"<div id=\"pl-415\"  class=\"panel-layout\" ><div id=\"pg-415-0\"  class=\"panel-grid panel-has-style\" ><div class=\"mob-pad-45 panel-row-style panel-row-style-for-415-0\" style=\"padding: 10px 0; \" data-overlay=\"true\" data-overlay-color=\"#000000\" ><div id=\"pgc-415-0-0\"  class=\"panel-grid-cell\" ><div id=\"panel-415-0-0-0\" class=\"so-panel widget widget_sow-editor panel-first-child widgetopts-SO\" data-index=\"0\" ><div style=\"text-align: left;\" data-title-color=\"#443f3f\" data-headings-color=\"#443f3f\" class=\"panel-widget-style panel-widget-style-for-415-0-0-0\" ><div class=\"so-widget-sow-editor so-widget-sow-editor-base\">\n<div class=\"siteorigin-widget-tinymce textwidget\">\n\t<p style=\"text-align: justify;\"><span style=\"color: #1d1282;\"><img loading=\"lazy\" class=\"wp-image-148 aligncenter\" src=\"http:\/\/diaeuropa.es\/wp-content\/uploads\/2018\/04\/logo-1-e1524604157637.jpeg\" alt=\"\" width=\"265\" height=\"197\" srcset=\"http:\/\/diaeuropa.es\/wp-content\/uploads\/2018\/04\/logo-1-e1524604157637.jpeg 861w, http:\/\/diaeuropa.es\/wp-content\/uploads\/2018\/04\/logo-1-e1524604157637-300x223.jpeg 300w, http:\/\/diaeuropa.es\/wp-content\/uploads\/2018\/04\/logo-1-e1524604157637-768x571.jpeg 768w, http:\/\/diaeuropa.es\/wp-content\/uploads\/2018\/04\/logo-1-e1524604157637-830x617.jpeg 830w, http:\/\/diaeuropa.es\/wp-content\/uploads\/2018\/04\/logo-1-e1524604157637-230x171.jpeg 230w, http:\/\/diaeuropa.es\/wp-content\/uploads\/2018\/04\/logo-1-e1524604157637-350x260.jpeg 350w, http:\/\/diaeuropa.es\/wp-content\/uploads\/2018\/04\/logo-1-e1524604157637-480x357.jpeg 480w\" sizes=\"(max-width: 265px) 100vw, 265px\" \/><\/span><\/p>\n<p style=\"text-align: justify;\">Le 9 mai 1950 \u00e0 Paris, avec la d\u00e9claration Schuman, la voie de l'int\u00e9gration des \u00c9tats europ\u00e9ens commen\u00e7ait : avec cet acte, la premi\u00e8re pierre \u00e9tait pos\u00e9e pour ce qui allait \u00eatre les fondements de l'actuelle Union Europ\u00e9enne. Ainsi, depuis 1985, <strong>\u00ab Chaque ann\u00e9e, le 9 mai, la Journ\u00e9e de l\u2019Europe c\u00e9l\u00e8bre la paix et l'unit\u00e9 en Europe \u00bb<\/strong>, peut-on lire sur le site internet de l'UE.<\/p>\n<p style=\"text-align: justify;\">Le 9 mai est f\u00e9ri\u00e9 pour ceux qui travaillent au sein des institutions europ\u00e9ennes, mais pas pour les citoyens, en produisant une dichotomie car ce sont eux qui font r\u00e9ellement exister cette Union Europ\u00e9enne en participant, par l'\u00e9lection de ses parlementaires politiques, aux d\u00e9cisions qui y sont prises et, plus tard, en \u00e9tant les destinataires directs de ses cons\u00e9quences. En tant que tel, <strong>ce devrait \u00eatre un jour qui touche tous les Europ\u00e9ens, qui ne signifie pas un foss\u00e9 entre les institutions et les citoyens<\/strong>, mais qui est v\u00e9cu comme une c\u00e9l\u00e9bration conjointe de notre Union, dont les habitants sont un \u00e9l\u00e9ment indispensable, faisant que dans chaque pays de l'UE il y ait des milliers de personnes comm\u00e9morant ce jour, son histoire, qui est la n\u00f4tre, et c\u00e9l\u00e9brant la chance d'\u00eatre et de se sentir europ\u00e9en.<\/p>\n<p style=\"text-align: justify;\">Sachant que chaque \u00c9tat membre a la comp\u00e9tence d'\u00e9tablir son calendrier du travail, <strong>nous demandons aux parlements nationaux et au Conseil Europ\u00e9en<\/strong>, compos\u00e9 par les chefs d'\u00c9tat ou de gouvernement de tous les pays de l'UE, <strong>de promouvoir l'inclusion du 9 mai comme jour f\u00e9ri\u00e9<\/strong>. Nous savons que l'objectif est ambitieux mais n\u00e9anmoins r\u00e9alisable, et c'est pour cela que il faut mettre en place pied une action commune avec la participation des institutions europ\u00e9ennes, des groupes politiques et sociaux\u00a0et de la soci\u00e9t\u00e9 civil afin de trouver ensemble le meilleur moyen de parvenir \u00e0 le r\u00e9aliser<\/p>\n<p style=\"text-align: justify;\">La c\u00e9l\u00e9bration du 70e anniversaire de la D\u00e9claration Schuman en mai 2020 nous encourage aussi \u00e0 promouvoir la n\u00e9cessit\u00e9 de transformer le 9 mai en jour f\u00e9ri\u00e9. Pourquoi? Faisons de cette journ\u00e9e une f\u00eate pour tous les citoyens europ\u00e9ens, une date \u00e0 laquelle nous ferons conna\u00eetre, par la proximit\u00e9, l'Union Europ\u00e9enne, avec un pass\u00e9 commun et unis vers l'avenir. Faisons en sorte que la Journ\u00e9e de l'Europe impr\u00e8gne tous les coins du continent avec ses projets futurs, que le sentiment europ\u00e9iste soit une fiert\u00e9, que chaque citoyen veuille arborer le drapeau de l'UE, symbole d'union et de progr\u00e8s pour construire un avenir commun.<\/p>\n<p style=\"text-align: justify;\">\u2028Un hymne, un drapeau et une comm\u00e9moration ! Pour les symboles qui nous unissent.<\/p>\n<p>&nbsp;<\/p>\n<hr \/>\n<p><a href=\"http:\/\/diaeuropa.es\/wp-content\/uploads\/2018\/11\/Journe\u0301e-de-lEurope-9M.pdf\" target=\"_blank\" rel=\"noopener\">Cliquez ici pour t\u00e9l\u00e9charger, voir ou imprimer du texte en PDF.<\/a><\/p>\n<\/div>\n<\/div><\/div><\/div><div id=\"panel-415-0-0-1\" class=\"so-panel widget widget_sow-editor panel-last-child widgetopts-SO\" data-index=\"1\" ><div style=\"text-align: left;\" data-title-color=\"#443f3f\" data-headings-color=\"#443f3f\" class=\"panel-widget-style panel-widget-style-for-415-0-0-1\" ><div class=\"so-widget-sow-editor so-widget-sow-editor-base\">\n<div class=\"siteorigin-widget-tinymce textwidget\">\n\t<p><strong>Vous int\u00e9resse?<\/strong> Contactez-nous par mail \u00e0 <strong><a href=\"mailto:mail@euday.com\" target=\"_blank\" rel=\"noopener\">mail@euday.eu<\/a><\/strong> pour ajouter votre organisation ou votre appui personnel.<\/p>\n<\/div>\n<\/div><\/div><\/div><\/div><\/div><\/div><\/div>","protected":false},"excerpt":{"rendered":"<p>Le 9 mai 1950 \u00e0 Paris, avec la d\u00e9claration Schuman, la voie de l&#8217;int\u00e9gration des \u00c9tats europ\u00e9ens commen\u00e7ait : avec cet acte, la premi\u00e8re pierre \u00e9tait pos\u00e9e pour ce qui allait \u00eatre les fondements de l&#8217;actuelle Union Europ\u00e9enne. Ainsi, depuis 1985, \u00ab Chaque ann\u00e9e, le 9 mai, la Journ\u00e9e de l\u2019Europe c\u00e9l\u00e8bre la paix et [&hellip;]<\/p>\n","protected":false},"author":1,"featured_media":0,"parent":0,"menu_order":0,"comment_status":"closed","ping_status":"open","template":"","meta":[],"_links":{"self":[{"href":"http:\/\/diaeuropa.es\/inicio\/wp-json\/wp\/v2\/pages\/415"}],"collection":[{"href":"http:\/\/diaeuropa.es\/inicio\/wp-json\/wp\/v2\/pages"}],"about":[{"href":"http:\/\/diaeuropa.es\/inicio\/wp-json\/wp\/v2\/types\/page"}],"author":[{"embeddable":true,"href":"http:\/\/diaeuropa.es\/inicio\/wp-json\/wp\/v2\/users\/1"}],"replies":[{"embeddable":true,"href":"http:\/\/diaeuropa.es\/inicio\/wp-json\/wp\/v2\/comments?post=415"}],"version-history":[{"count":10,"href":"http:\/\/diaeuropa.es\/inicio\/wp-json\/wp\/v2\/pages\/415\/revisions"}],"predecessor-version":[{"id":1678,"href":"http:\/\/diaeuropa.es\/inicio\/wp-json\/wp\/v2\/pages\/415\/revisions\/1678"}],"wp:attachment":[{"href":"http:\/\/diaeuropa.es\/inicio\/wp-json\/wp\/v2\/media?parent=415"}],"curies":[{"name":"wp","href":"https:\/\/api.w.org\/{rel}","templated":true}]}}