{"id":960,"date":"2018-07-03T19:52:04","date_gmt":"2018-07-03T19:52:04","guid":{"rendered":"http:\/\/diaeuropa.es\/inicio\/?page_id=960"},"modified":"2019-06-02T15:13:17","modified_gmt":"2019-06-02T15:13:17","slug":"9-maggio-giorno-delleuropa","status":"publish","type":"page","link":"http:\/\/diaeuropa.es\/inicio\/it\/","title":{"rendered":"Homepage"},"content":{"rendered":"<div id=\"pl-960\"  class=\"panel-layout\" ><div id=\"pg-960-0\"  class=\"panel-grid panel-has-style\" ><div class=\"mob-pad-45 panel-row-style panel-row-style-for-960-0\" style=\"padding: 10px 0; \" data-overlay=\"true\" data-overlay-color=\"#000000\" ><div id=\"pgc-960-0-0\"  class=\"panel-grid-cell\" ><div id=\"panel-960-0-0-0\" class=\"so-panel widget widget_sow-editor panel-first-child widgetopts-SO\" data-index=\"0\" ><div style=\"text-align: left;\" data-title-color=\"#443f3f\" data-headings-color=\"#443f3f\" class=\"panel-widget-style panel-widget-style-for-960-0-0-0\" ><div class=\"so-widget-sow-editor so-widget-sow-editor-base\">\n<div class=\"siteorigin-widget-tinymce textwidget\">\n\t<p><span style=\"color: #1d1282;\"><img loading=\"lazy\" class=\"wp-image-148 aligncenter\" src=\"http:\/\/diaeuropa.es\/wp-content\/uploads\/2018\/04\/logo-1-e1524604157637.jpeg\" alt=\"\" width=\"265\" height=\"197\" srcset=\"http:\/\/diaeuropa.es\/wp-content\/uploads\/2018\/04\/logo-1-e1524604157637.jpeg 861w, http:\/\/diaeuropa.es\/wp-content\/uploads\/2018\/04\/logo-1-e1524604157637-300x223.jpeg 300w, http:\/\/diaeuropa.es\/wp-content\/uploads\/2018\/04\/logo-1-e1524604157637-768x571.jpeg 768w, http:\/\/diaeuropa.es\/wp-content\/uploads\/2018\/04\/logo-1-e1524604157637-830x617.jpeg 830w, http:\/\/diaeuropa.es\/wp-content\/uploads\/2018\/04\/logo-1-e1524604157637-230x171.jpeg 230w, http:\/\/diaeuropa.es\/wp-content\/uploads\/2018\/04\/logo-1-e1524604157637-350x260.jpeg 350w, http:\/\/diaeuropa.es\/wp-content\/uploads\/2018\/04\/logo-1-e1524604157637-480x357.jpeg 480w\" sizes=\"(max-width: 265px) 100vw, 265px\" \/><\/span><\/p>\n<p style=\"text-align: justify;\">Il 9 maggio del 1950 a Parigi cominciava, con la dichiarazione di Schuman, il percorso verso l\u2019integrazione degli stati europei. Con questo atto si ponevano le basi dell\u2019attuale Unione Europea, ed \u00e8 per questo che dal 1985 <strong>\u201cla festa dell'Europa (9 maggio) celebra la pace e l'unit\u00e0 in Europa\u201d<\/strong>, come indica il sito della UE.<\/p>\n<p style=\"text-align: justify;\">Il giorno dell\u2019Europa \u00e8 gi\u00e0 festivo per coloro che lavorano e formano parte delle istituzioni europee, ma non lo \u00e8 per il resto dei cittadini europei, coloro i quali rendono possibile l\u2019esistenza stessa dell\u2019Unione Europea, perch\u00e9 ne sono parte, partecipano al proceso decisionale, attraverso la scelta dei suoi parlamentari, e successivamente ne subiscono le dirette conseguenze. Per questo, <strong>il 9 maggio dovrebbe essere una giornata per tutti gli europei, che non supponga un divario tra le istituzioni e i cittadini<\/strong>, ma che serva da celebrazione congiunta della nostra Unione, facendo s\u00ec che in ogni paese membro migliaia di persone possano commemorare questa giornata, la loro storia -che \u00e8 la nostra- e celebrare la fortuna di essere e di sentirsi europeo.<\/p>\n<p style=\"text-align: justify;\">Consapevoli che ogni stato membro \u00e8 competente in materia del calendario lavorativo, <strong>chiediamo ai parlamenti nazionali ed al Consiglio Europeo<\/strong>, composto dai capi di Stato e di governo di ogni stato della UE, <strong>di promuovere l\u2019inclusione del 9 maggio come giorno festivo<\/strong>. Sappiamo che \u00e8 un obiettivo ambizioso per\u00f2 possibile, e per questo crediamo necessaria un'azione collettiva in cui partecipino le istituzioni europee, i partiti politici, i gruppi social e la societ\u00e0 civile, per esplorare insieme la maniera pi\u00f9 efficace di trasformarlo in realt\u00e0.<\/p>\n<p style=\"text-align: justify;\">La celebrazione del 70\u00ba anniversario della dichiarazione Schuman nel 2020 ci incoraggia a promuovere la necessit\u00e0 di questa festivit\u00e0. Perch\u00e9? Semplice: per fare di questa giornata una festa per tutti i cittadini europei, un appuntamento per far conoscere da vicino l\u2019Unione Europea, il nostro passato in comune. Facciamo s\u00ec che il giorno dell\u2019Europa si diffonda in ogni angolo del continente con i suoi progetti di futuro, e che il sentimento europeista sia motivo di orgoglio, che ogni cittadino desideri issare la bandiera europea come simbolo di unione e progresso per costruire un futuro comune.<\/p>\n<p style=\"text-align: justify;\">Un inno, una bandiera, una celebrazione. I simboli uniscono, il silenzio divide.<\/p>\n<hr \/>\n<p><a href=\"http:\/\/diaeuropa.es\/wp-content\/uploads\/2018\/07\/Iniziativa-festa-dell\u2019Europa.pdf\" target=\"_blank\" rel=\"noopener\">Vedi o scarica il testo come PDF in questo link.<\/a><\/p>\n<\/div>\n<\/div><\/div><\/div><div id=\"panel-960-0-0-1\" class=\"so-panel widget widget_sow-editor panel-last-child widgetopts-SO\" data-index=\"1\" ><div style=\"text-align: left;\" data-title-color=\"#443f3f\" data-headings-color=\"#443f3f\" class=\"panel-widget-style panel-widget-style-for-960-0-0-1\" ><div class=\"so-widget-sow-editor so-widget-sow-editor-base\">\n<div class=\"siteorigin-widget-tinymce textwidget\">\n\t<p><strong>Ti interessa?<\/strong> Se vuoi unirti all\u2019iniziativa come azienda, organizzazione promotrice, o a titolo individuale, scrivici un\u2019email a: <a href=\"mailto:mail@euday.eu\">mail@euday.eu<\/a>.<\/p>\n<\/div>\n<\/div><\/div><\/div><\/div><\/div><\/div><\/div>","protected":false},"excerpt":{"rendered":"<p>Il 9 maggio del 1950 a Parigi cominciava, con la dichiarazione di Schuman, il percorso verso l\u2019integrazione degli stati europei. Con questo atto si ponevano le basi dell\u2019attuale Unione Europea, ed \u00e8 per questo che dal 1985 \u201cla festa dell&#8217;Europa (9 maggio) celebra la pace e l&#8217;unit\u00e0 in Europa\u201d, come indica il sito della UE. [&hellip;]<\/p>\n","protected":false},"author":1,"featured_media":0,"parent":0,"menu_order":0,"comment_status":"closed","ping_status":"open","template":"","meta":[],"_links":{"self":[{"href":"http:\/\/diaeuropa.es\/inicio\/wp-json\/wp\/v2\/pages\/960"}],"collection":[{"href":"http:\/\/diaeuropa.es\/inicio\/wp-json\/wp\/v2\/pages"}],"about":[{"href":"http:\/\/diaeuropa.es\/inicio\/wp-json\/wp\/v2\/types\/page"}],"author":[{"embeddable":true,"href":"http:\/\/diaeuropa.es\/inicio\/wp-json\/wp\/v2\/users\/1"}],"replies":[{"embeddable":true,"href":"http:\/\/diaeuropa.es\/inicio\/wp-json\/wp\/v2\/comments?post=960"}],"version-history":[{"count":11,"href":"http:\/\/diaeuropa.es\/inicio\/wp-json\/wp\/v2\/pages\/960\/revisions"}],"predecessor-version":[{"id":1682,"href":"http:\/\/diaeuropa.es\/inicio\/wp-json\/wp\/v2\/pages\/960\/revisions\/1682"}],"wp:attachment":[{"href":"http:\/\/diaeuropa.es\/inicio\/wp-json\/wp\/v2\/media?parent=960"}],"curies":[{"name":"wp","href":"https:\/\/api.w.org\/{rel}","templated":true}]}}